{"id":5,"date":"2014-01-19T19:30:02","date_gmt":"2014-01-19T19:30:02","guid":{"rendered":"https:\/\/backup.tms-lohnbetrieb.de\/index.php\/ueber-uns\/"},"modified":"2021-04-12T08:06:43","modified_gmt":"2021-04-12T07:06:43","slug":"ueber-uns","status":"publish","type":"page","link":"https:\/\/tauchenmachtspass.de\/index.php\/ueber-uns\/","title":{"rendered":"TMS Team"},"content":{"rendered":"<p>[et_pb_section fb_built=&#8220;1&#8243; _builder_version=&#8220;4.4.8&#8243;][et_pb_row _builder_version=&#8220;4.4.8&#8243;][et_pb_column type=&#8220;4_4&#8243; _builder_version=&#8220;4.4.8&#8243;][et_pb_text _builder_version=&#8220;4.9.3&#8243; background_color=&#8220;#12876F&#8220; hover_enabled=&#8220;0&#8243; sticky_enabled=&#8220;0&#8243;]<\/p>\n<h1 style=\"text-align: center;\"><span style=\"color: #ffffff;\"><\/span><\/h1>\n<h1 style=\"text-align: center;\"><span style=\"color: #ffffff;\"><\/span><\/h1>\n<h1 style=\"text-align: center;\"><span style=\"color: #ffffff;\"><\/span><\/h1>\n<h1 style=\"text-align: center;\"><span style=\"color: #ffffff;\">Das TMS &#8211; Team<\/span><\/h1>\n<p><span style=\"color: #ffffff;\"><\/span><\/p>\n<p><span style=\"color: #ffffff;\"><\/span><\/p>\n<p><span style=\"color: #ffffff;\"><\/span><\/p>\n<p>[\/et_pb_text][\/et_pb_column][\/et_pb_row][et_pb_row column_structure=&#8220;2_5,3_5&#8243; _builder_version=&#8220;4.4.8&#8243;][et_pb_column type=&#8220;2_5&#8243; _builder_version=&#8220;4.4.8&#8243;][et_pb_image src=&#8220;https:\/\/tauchenmachtspass.de\/wp-content\/uploads\/2020\/10\/Ausbildung-Hemmoor.png&#8220; title_text=&#8220;Ausbildung Hemmoor&#8220; force_fullwidth=&#8220;on&#8220; _builder_version=&#8220;4.6.5&#8243;][\/et_pb_image][\/et_pb_column][et_pb_column type=&#8220;3_5&#8243; _builder_version=&#8220;4.4.8&#8243;][et_pb_text _builder_version=&#8220;4.6.6&#8243; background_color=&#8220;rgba(0,0,0,0)&#8220;]<\/p>\n<h2 style=\"text-align: center;\"><strong>Andrea<\/strong><\/h2>\n<p style=\"text-align: center;\"><strong>andrea@tauchenmachtspass.de<\/strong><\/p>\n<p>Wasser und Wassersport begeistert von Kind an &#8211; Urlaube am Meer schon mit den Eltern &#8211; aktiv bei der DLRG schon in der Kindheit<\/p>\n<p>Tauchen war schon immer von Interesse &#8211; geheimnisvoll &#8211; spannend &#8211; wurde jedoch nie umgesetzt &#8211; nach einen besonderen Erlebnis war die Entscheidung gefallen-<\/p>\n<p>&#8230; &#8222;Ich mache den OWD&#8220; &#8230; &#8222;aber nur den &#8211; mehr brauche ich nicht !!!&#8220;\u00a0 &#8230;<\/p>\n<p>ja und dann ging es Schritt f\u00fcr Schritt weiter:<\/p>\n<ul>\n<li>OWD<\/li>\n<li>AOWD<\/li>\n<li>CMAS **<\/li>\n<li>CMAS ***<\/li>\n<li>diverse Spezialkuse (u.a. DeepDiving &#8211; CRO \/ O2 Management \/ Navigation \/ Dive-Group-Organisation)<\/li>\n<li>Einsatztaucher der DLRG Stufe I und II<\/li>\n<li>Assistenten Instructor<\/li>\n<li>Instructor (TL*)<\/li>\n<\/ul>\n<p>[\/et_pb_text][\/et_pb_column][\/et_pb_row][et_pb_row column_structure=&#8220;2_5,3_5&#8243; _builder_version=&#8220;4.4.8&#8243;][et_pb_column type=&#8220;2_5&#8243; _builder_version=&#8220;4.4.8&#8243;][et_pb_image src=&#8220;https:\/\/tauchenmachtspass.de\/wp-content\/uploads\/2020\/10\/Bjoern.png&#8220; title_text=&#8220;Bj\u00f6rn&#8220; force_fullwidth=&#8220;on&#8220; _builder_version=&#8220;4.6.5&#8243;][\/et_pb_image][\/et_pb_column][et_pb_column type=&#8220;3_5&#8243; _builder_version=&#8220;4.4.8&#8243;][et_pb_text _builder_version=&#8220;4.6.6&#8243;]<\/p>\n<h2 style=\"text-align: center;\"><strong>Bj\u00f6rn<\/strong><\/h2>\n<p style=\"text-align: center;\"><strong>bjoern@tauchenmachtspass.de<\/strong><\/p>\n<p>[\/et_pb_text][\/et_pb_column][\/et_pb_row][\/et_pb_section]<\/p>\n","protected":false},"excerpt":{"rendered":"<p>Das TMS &#8211; Team Andrea andrea@tauchenmachtspass.de Wasser und Wassersport begeistert von Kind an &#8211; Urlaube am Meer schon mit den Eltern &#8211; aktiv bei der DLRG schon in der Kindheit Tauchen war schon immer von Interesse &#8211; geheimnisvoll &#8211; spannend &#8211; wurde jedoch nie umgesetzt &#8211; nach einen besonderen Erlebnis war die Entscheidung gefallen- &#8230; [&hellip;]<\/p>\n","protected":false},"author":1,"featured_media":0,"parent":0,"menu_order":28,"comment_status":"closed","ping_status":"closed","template":"","meta":{"_et_pb_use_builder":"on","_et_pb_old_content":"<p style=\"text-align: center;\"><span style=\"font-size: medium;\"><strong><span style=\"font-size: large;\"><img class=\" size-full wp-image-3\" src=\"https:\/\/tauchenmachtspass.de\/wp-content\/uploads\/2014\/01\/images_Marketing_Trecker-LOGO.png\" alt=\"\" width=\"121\" height=\"88\" \/><\/span><\/strong><\/span><\/p> <p style=\"text-align: center;\">\u00a0<\/p> <p style=\"text-align: center;\"><span style=\"font-size: medium;\"><strong><span style=\"font-size: large;\">TMS Lohnbetrieb - Zuverl\u00e4ssigkeit ist unsere St\u00e4rke !!!\u00a0 \u00a0 \u00a0\u00a0<\/span><\/strong><br \/><\/span><\/p> <p style=\"text-align: center;\">\u00a0<\/p> <p style=\"text-align: center;\"><span style=\"font-size: medium;\">\u00a0<span style=\"font-size: small;\"><span style=\"font-size: medium;\">Die Firma TMS Lohnbetrieb, gegr\u00fcndet am 01.03.2005 ist ein land- und kommunaltechnisches <\/span><\/span><\/span><\/p> <p style=\"text-align: center;\"><span style=\"font-size: medium;\"><span style=\"font-size: small;\"><span style=\"font-size: medium;\">L<\/span><\/span><\/span><span style=\"font-size: medium;\"><span style=\"font-size: small;\"><span style=\"font-size: medium;\">ohnunternehmen <\/span><\/span><\/span><span style=\"font-size: medium;\"><span style=\"font-size: small;\"><span style=\"font-size: medium;\">mit Sitz in der S\u00fcdermarsch in Nordfriesland.<\/span><\/span> <\/span><\/p> <p style=\"text-align: center;\"><span style=\"font-size: medium;\">Firmenchef Thorsten Maas ist gelernter Landmaschinenmechaniker <\/span><\/p> <p style=\"text-align: center;\"><span style=\"font-size: medium;\">und hat sein Handwerk von der Pike auf gelernt.\u00a0<br \/><\/span><\/p> <p style=\"text-align: center;\">\u00a0<\/p> <p style=\"text-align: center;\"><span style=\"font-size: medium;\">Stets und bis heute mit Leidenschaft bei der Sache entschloss er sich 2005 <\/span><\/p> <p style=\"text-align: center;\"><span style=\"font-size: medium;\">den Weg in die Selbst\u00e4ndigkeit zu wagen. <\/span><\/p> <p style=\"text-align: center;\"><span style=\"font-size: medium;\">Seit diesem Zeitpunkt wachsen die angebotenen Leistungen der Unternehmung stetig an.<\/span><\/p> <p style=\"text-align: center;\"><span style=\"font-size: medium;\">Es macht auch heute nach \u00fcber 10 Jahren Selbst\u00e4ndigkeit unver\u00e4ndert Spa\u00df!\u00a0<\/span><\/p> <p style=\"text-align: center;\">\u00a0<\/p> <p style=\"text-align: center;\"><span style=\"font-size: medium;\">Um den aktuellen gesetzlichen Erfordernissen Rechnung zu tragen absolvierte Thorsten Maas im Fr\u00fchjahr 2017 erfolgreich eine Fortbildung zum Thema der Transporte im G\u00fcternahverkehr und erhielt die\u00a0<\/span><\/p> <p style=\"text-align: center;\"><span style=\"font-size: medium;\">\"Bescheinigung der fachlichen Eignung f\u00fcr den G\u00fcternahverkehr\" (IHK Flensburg).<\/span><\/p> <p style=\"text-align: center;\">\u00a0<\/p> <p style=\"text-align: center;\">\u00a0<\/p> <p style=\"text-align: center;\"><strong><span style=\"font-size: medium;\">\"Probleme gibt es bei uns nicht - es gibt nur Herausforderungen!\"<\/span><\/strong><\/p> <p style=\"text-align: center;\">\u00a0<\/p> <p style=\"text-align: center;\"><span style=\"font-size: medium;\">So freuen wir uns auch bei kniffligen Themen \u00fcber einen Anruf oder ein direktes Gespr\u00e4ch.\u00a0<\/span><\/p> <p style=\"text-align: center;\">\u00a0<\/p> <p style=\"text-align: center;\"><span style=\"font-size: medium;\">\u00a0<\/span><\/p> <p style=\"text-align: center;\">\u00a0<img class=\" size-full wp-image-4\" src=\"https:\/\/tauchenmachtspass.de\/wp-content\/uploads\/2014\/01\/images_NJXF7751.JPG\" alt=\"\" width=\"265\" height=\"354\" \/><\/p> <p style=\"text-align: center;\"><span style=\"font-size: medium;\">\u00a0<\/span><\/p> <p style=\"text-align: center;\"><span style=\"font-size: medium;\"><span style=\"font-size: small;\"><span style=\"font-size: medium;\">\u00a0<\/span><\/span><\/span><\/p>","_et_gb_content_width":"","footnotes":""},"class_list":["post-5","page","type-page","status-publish","hentry"],"_links":{"self":[{"href":"https:\/\/tauchenmachtspass.de\/index.php\/wp-json\/wp\/v2\/pages\/5","targetHints":{"allow":["GET"]}}],"collection":[{"href":"https:\/\/tauchenmachtspass.de\/index.php\/wp-json\/wp\/v2\/pages"}],"about":[{"href":"https:\/\/tauchenmachtspass.de\/index.php\/wp-json\/wp\/v2\/types\/page"}],"author":[{"embeddable":true,"href":"https:\/\/tauchenmachtspass.de\/index.php\/wp-json\/wp\/v2\/users\/1"}],"replies":[{"embeddable":true,"href":"https:\/\/tauchenmachtspass.de\/index.php\/wp-json\/wp\/v2\/comments?post=5"}],"version-history":[{"count":35,"href":"https:\/\/tauchenmachtspass.de\/index.php\/wp-json\/wp\/v2\/pages\/5\/revisions"}],"predecessor-version":[{"id":1780,"href":"https:\/\/tauchenmachtspass.de\/index.php\/wp-json\/wp\/v2\/pages\/5\/revisions\/1780"}],"wp:attachment":[{"href":"https:\/\/tauchenmachtspass.de\/index.php\/wp-json\/wp\/v2\/media?parent=5"}],"curies":[{"name":"wp","href":"https:\/\/api.w.org\/{rel}","templated":true}]}}