{"id":2,"date":"2014-01-19T19:30:02","date_gmt":"2014-01-19T19:30:02","guid":{"rendered":"https:\/\/backup.tms-lohnbetrieb.de\/index.php\/startseite\/"},"modified":"2021-06-14T20:44:01","modified_gmt":"2021-06-14T19:44:01","slug":"startseite","status":"publish","type":"page","link":"https:\/\/tauchenmachtspass.de\/","title":{"rendered":"TMS Startseite"},"content":{"rendered":"<p>[et_pb_section fb_built=&#8220;1&#8243; disabled_on=&#8220;off|off|off&#8220; _builder_version=&#8220;4.6.4&#8243; background_color=&#8220;rgba(255,255,255,0.62)&#8220;][et_pb_row _builder_version=&#8220;4.4.8&#8243; background_color=&#8220;rgba(0,0,0,0)&#8220; background_size=&#8220;initial&#8220; background_position=&#8220;top_left&#8220; background_repeat=&#8220;repeat&#8220; custom_padding=&#8220;14px|||||&#8220; animation_style=&#8220;fade&#8220;][et_pb_column type=&#8220;4_4&#8243; _builder_version=&#8220;3.25&#8243; custom_padding=&#8220;|||&#8220; custom_padding__hover=&#8220;|||&#8220;][et_pb_text _builder_version=&#8220;4.6.6&#8243; background_color=&#8220;rgba(0,0,0,0)&#8220;]<\/p>\n<h1 style=\"text-align: center;\"><span><\/span><\/h1>\n<p>&nbsp;<\/p>\n<h1 style=\"text-align: center;\"><span><\/span><\/h1>\n<p>&nbsp;<\/p>\n<h1 style=\"text-align: center;\"><span><\/span><\/h1>\n<h1 style=\"text-align: center;\"><span><\/span><\/h1>\n<h1 style=\"text-align: center;\"><span><\/span><\/h1>\n<h1 style=\"text-align: center;\"><span>MOIN MOIN\u00a0<\/span><\/h1>\n<h1 style=\"text-align: center;\"><span>bei TMS tauchenmachtspass.de<br \/><\/span><\/h1>\n<p>&nbsp;<\/p>\n<p><span><\/span><\/p>\n<p>&nbsp;<\/p>\n<p><span><\/span><\/p>\n<h1 style=\"text-align: center;\"><span>Auf den folgenden Seiten m\u00f6chten wir einen kleinen Einblick in unsere <\/span><span>Leistungsvielfalt geben.<\/span><\/h1>\n<p><span><\/span><\/p>\n<h1 style=\"text-align: center;\"><span>Hast du Fragen hierzu oder spezielle W\u00fcnsche &#8211; komm gerne auf uns zu.\u00a0<\/span><\/h1>\n<p><span><\/span><\/p>\n<p><span><\/span><\/p>\n<h1 style=\"text-align: center;\"><span>Wir w\u00fcnschen dir nun viel Spa\u00df beim St\u00f6bern und hoffen, <\/span><\/h1>\n<h1 style=\"text-align: center;\"><span>Dich bald pers\u00f6nlich kennen zu lernen.<\/span><\/h1>\n<p><span><\/span><\/p>\n<h1 style=\"text-align: center;\"><span><\/span><\/h1>\n<h1 style=\"text-align: center;\"><span>Andrea &amp; Bj\u00f6rn\u00a0<\/span><\/h1>\n<p><span><\/span><\/p>\n<p>[\/et_pb_text][\/et_pb_column][\/et_pb_row][et_pb_row column_structure=&#8220;1_3,1_3,1_3&#8243; _builder_version=&#8220;4.9.3&#8243; _module_preset=&#8220;default&#8220;][et_pb_column type=&#8220;1_3&#8243; _builder_version=&#8220;4.9.3&#8243; _module_preset=&#8220;default&#8220;][et_pb_image src=&#8220;https:\/\/tauchenmachtspass.de\/wp-content\/uploads\/2021\/06\/button_online-beantragen_de.png&#8220; title_text=&#8220;button_online-beantragen_de&#8220; _builder_version=&#8220;4.9.3&#8243; _module_preset=&#8220;default&#8220; hover_enabled=&#8220;0&#8243; url=&#8220;https:\/\/tauchenmachtspass.de\/index.php\/tms-auqamed\/&#8220; sticky_enabled=&#8220;0&#8243;][\/et_pb_image][\/et_pb_column][et_pb_column type=&#8220;1_3&#8243; _builder_version=&#8220;4.9.3&#8243; _module_preset=&#8220;default&#8220;][et_pb_image src=&#8220;https:\/\/tauchenmachtspass.de\/wp-content\/uploads\/2021\/04\/IAC-1.jpg&#8220; title_text=&#8220;IAC 1&#8243; _builder_version=&#8220;4.9.3&#8243; _module_preset=&#8220;default&#8220;][\/et_pb_image][\/et_pb_column][et_pb_column type=&#8220;1_3&#8243; _builder_version=&#8220;4.9.3&#8243; _module_preset=&#8220;default&#8220;][et_pb_image src=&#8220;https:\/\/tauchenmachtspass.de\/wp-content\/uploads\/2021\/04\/IAC-2.png&#8220; title_text=&#8220;IAC 2&#8243; _builder_version=&#8220;4.9.3&#8243; _module_preset=&#8220;default&#8220;][\/et_pb_image][\/et_pb_column][\/et_pb_row][\/et_pb_section]<\/p>\n","protected":false},"excerpt":{"rendered":"<p>&nbsp; &nbsp; MOIN MOIN\u00a0 bei TMS tauchenmachtspass.de &nbsp; &nbsp; Auf den folgenden Seiten m\u00f6chten wir einen kleinen Einblick in unsere Leistungsvielfalt geben. Hast du Fragen hierzu oder spezielle W\u00fcnsche &#8211; komm gerne auf uns zu.\u00a0 Wir w\u00fcnschen dir nun viel Spa\u00df beim St\u00f6bern und hoffen, Dich bald pers\u00f6nlich kennen zu lernen. Andrea &amp; Bj\u00f6rn\u00a0<\/p>\n","protected":false},"author":1,"featured_media":0,"parent":0,"menu_order":29,"comment_status":"closed","ping_status":"closed","template":"","meta":{"_et_pb_use_builder":"on","_et_pb_old_content":"<p style=\"text-align: center;\"><span style=\"font-size: medium;\">Herzlich willkommen auf der Internetpr\u00e4senz von TMS Lohnbetrieb!\n<\/span><\/p>\n<p style=\"text-align: center;\"><span style=\"font-size: medium;\">Auf den folgenden Seiten m\u00f6chten wir Ihnen einen ersten Einblick in unsere<\/span><\/p>\n<p style=\"text-align: center;\"><span style=\"font-size: medium;\">Leistungsvielfalt geben. Bitte sehen Sie sich in aller Ruhe um.&nbsp;<\/span><\/p>\n<p style=\"text-align: center;\"><span style=\"font-size: medium;\">Wir w\u00fcnschen Ihnen viel Spa\u00df und hoffen, Sie bald pers\u00f6nlich bei uns begr\u00fc\u00dfen zu d\u00fcrfen.<\/span><\/p>\n<p style=\"text-align: center;\"><span style=\"font-size: medium;\">Ihr Thorsten Maas<\/span><\/p>\n<p style=\"text-align: center;\"><span style=\"font-size: medium;\">&nbsp;<\/span><\/p>\n<p style=\"text-align: center;\"><\/p>\n<p style=\"text-align: center;\"><\/p>\n<p style=\"text-align: center;\"><\/p>\n<p style=\"text-align: center;\"><img class=\" size-full wp-image-1\" src=\"https:\/\/tauchenmachtspass.de\/wp-content\/uploads\/2014\/01\/images_x_mas_2019.png\" alt=\"\" width=\"899\" height=\"655\"><\/p>\n<p style=\"text-align: center;\"><\/p>\n<p style=\"text-align: center;\"><\/p>\n<p style=\"text-align: center;\"><span style=\"font-size: medium;\">&nbsp;<\/span><\/p>\n<p style=\"text-align: center;\"><span style=\"font-size: medium;\">Unsere gro\u00dfe Angebotspalette<\/span><\/p>\n<p style=\"text-align: center;\"><span style=\"font-size: medium;\">- von Saat bis zu Ernte, von der Knickpflege \u00fcber den Baumschnitt bis zum Winterdienst -<\/span><\/p>\n<p style=\"text-align: center;\"><span style=\"font-size: medium;\">w\u00e4chst stetig an.<\/span><\/p>\n<p style=\"text-align: center;\"><\/p>\n<p style=\"text-align: center;\"><span style=\"font-size: medium;\">Als Kunde stehen Sie mir Ihren W\u00fcnschen bei uns im Mittelpunkt!<\/span><\/p>\n<p style=\"text-align: center;\"><span style=\"font-size: medium;\">Durch modernste, leistungsf\u00e4hige Maschinen und qualifizierte, motivierte Mitarbeiter erf\u00fcllen wir Ihre Erwartungen.<\/span><\/p>\n<p style=\"text-align: center;\"><\/p>\n<p style=\"text-align: center;\"><span style=\"font-size: medium;\"><strong>Zuverl\u00e4ssigkeit ist unsere St\u00e4rke!<\/strong><\/span><\/p>\n<p style=\"text-align: center;\"><\/p>\n<p style=\"text-align: center;\"><span style=\"font-size: medium;\">Profitieren Sie durch uns und ersparen Sie sich Zeit, \u00c4rger und hohe Investitionskosten in teure Spezialmaschinen.<\/span><\/p>\n<p style=\"text-align: center;\"><span style=\"font-size: medium;\">F\u00fcr die kommende Saison sind unsere Maschinen startklar und bereit!&nbsp;<\/span><\/p>\n<p style=\"text-align: center;\"><span style=\"font-size: medium;\">Gerne vereinbaren wir jetzt schon einen Termin - bitte rufen Sie uns an!<\/span><\/p>\n<p style=\"text-align: center;\"><\/p>\n<p style=\"text-align: center;\"><span style=\"font-size: medium;\">Wir freuen uns auf eine gute Zusammenarbeit mit Ihnen!<\/span><\/p>\n<p style=\"text-align: center;\"><\/p>\n<p style=\"text-align: center;\"><\/p>\n<p style=\"text-align: center;\"><\/p>\n<p style=\"text-align: center;\"><\/p>\n<p style=\"text-align: center;\"><\/p>","_et_gb_content_width":"","footnotes":""},"class_list":["post-2","page","type-page","status-publish","hentry"],"_links":{"self":[{"href":"https:\/\/tauchenmachtspass.de\/index.php\/wp-json\/wp\/v2\/pages\/2","targetHints":{"allow":["GET"]}}],"collection":[{"href":"https:\/\/tauchenmachtspass.de\/index.php\/wp-json\/wp\/v2\/pages"}],"about":[{"href":"https:\/\/tauchenmachtspass.de\/index.php\/wp-json\/wp\/v2\/types\/page"}],"author":[{"embeddable":true,"href":"https:\/\/tauchenmachtspass.de\/index.php\/wp-json\/wp\/v2\/users\/1"}],"replies":[{"embeddable":true,"href":"https:\/\/tauchenmachtspass.de\/index.php\/wp-json\/wp\/v2\/comments?post=2"}],"version-history":[{"count":30,"href":"https:\/\/tauchenmachtspass.de\/index.php\/wp-json\/wp\/v2\/pages\/2\/revisions"}],"predecessor-version":[{"id":1808,"href":"https:\/\/tauchenmachtspass.de\/index.php\/wp-json\/wp\/v2\/pages\/2\/revisions\/1808"}],"wp:attachment":[{"href":"https:\/\/tauchenmachtspass.de\/index.php\/wp-json\/wp\/v2\/media?parent=2"}],"curies":[{"name":"wp","href":"https:\/\/api.w.org\/{rel}","templated":true}]}}