{"id":1802,"date":"2021-06-14T20:42:19","date_gmt":"2021-06-14T19:42:19","guid":{"rendered":"https:\/\/tauchenmachtspass.de\/?page_id=1802"},"modified":"2021-06-14T20:48:42","modified_gmt":"2021-06-14T19:48:42","slug":"tms-auqamed","status":"publish","type":"page","link":"https:\/\/tauchenmachtspass.de\/index.php\/tms-auqamed\/","title":{"rendered":"TMS &#038; aqua med"},"content":{"rendered":"\n[et_pb_section fb_built=&#8220;1&#8243; _builder_version=&#8220;4.9.3&#8243; _module_preset=&#8220;default&#8220;][et_pb_row _builder_version=&#8220;4.9.3&#8243; _module_preset=&#8220;default&#8220;][et_pb_column type=&#8220;4_4&#8243; _builder_version=&#8220;4.9.3&#8243; _module_preset=&#8220;default&#8220;][et_pb_text _builder_version=&#8220;4.9.3&#8243; _module_preset=&#8220;default&#8220;]<p><strong>aqua med<\/strong>\u00a0ist eine Marke der Medical Helpline Worldwide GmbH, einer \u00e4rztlichen Notrufzentrale f\u00fcr weltweite medizinische Notf\u00e4lle.<\/p>\n<p>Mit der Spezialisierung auf Tauch-, Reise- und Notfallmedizin und einem besonderen Versicherungspaket f\u00fcr Tauchunf\u00e4lle und Auslandsreisen ist aqua med im internationalen Markt aktiv.<\/p>\n<p>Unsere Not- und Taucher\u00e4rzte stehen Dir mit unserer Hotline 24 Stunden t\u00e4glich zur Verf\u00fcgung.<\/p>\n<p>Von der kompetenten medizinischen Beratung bis hin zum umfangreichen Notfallmanagement verf\u00fcgst Du 365 Tage im Jahr \u00fcber unser besonderes Know-How.<\/p>\n<p><strong><u>Leistungen im \u00dcberblick<\/u><\/strong><\/p>\n<ul>\n<li>24h \u00e4rztliche Notrufhotline<\/li>\n<li>Professionelles Notfallmanagement<\/li>\n<li>Hinterlegung medizinischer Daten<\/li>\n<li>Auslandsreisekrankenversicherung<\/li>\n<li>Tauchunfallversicherung<\/li>\n<li>Taucher-Privathaftpflichtversicherung<\/li>\n<\/ul>\n<p>Schlie\u00dfe hier Deine dive card ab:\u00a0<\/p>\n<p><a href=\"https:\/\/customer.aqua-med.eu\/customers\/contacts\/registerform?VP=VP2106091&amp;lang=de\">https:\/\/customer.aqua-med.eu\/customers\/contacts\/registerform?VP=VP2106091&amp;lang=de<\/a><br \/><a href=\"https:\/\/customer.aqua-med.eu\/customers\/contacts\/registerform?VP=VP2106091&amp;lang=en\">https:\/\/customer.aqua-med.eu\/customers\/contacts\/registerform?VP=VP2106091&amp;lang=en<\/a><\/p>[\/et_pb_text][\/et_pb_column][\/et_pb_row][et_pb_row column_structure=&#8220;1_3,1_3,1_3&#8243; _builder_version=&#8220;4.9.3&#8243; _module_preset=&#8220;default&#8220;][et_pb_column type=&#8220;1_3&#8243; _builder_version=&#8220;4.9.3&#8243; _module_preset=&#8220;default&#8220;][et_pb_image src=&#8220;https:\/\/tauchenmachtspass.de\/wp-content\/uploads\/2021\/06\/dcb_muster_klebi_de.png&#8220; title_text=&#8220;dcb_muster_klebi_de&#8220; _builder_version=&#8220;4.9.3&#8243; _module_preset=&#8220;default&#8220;][\/et_pb_image][\/et_pb_column][et_pb_column type=&#8220;1_3&#8243; _builder_version=&#8220;4.9.3&#8243; _module_preset=&#8220;default&#8220;][\/et_pb_column][et_pb_column type=&#8220;1_3&#8243; _builder_version=&#8220;4.9.3&#8243; _module_preset=&#8220;default&#8220;][et_pb_image src=&#8220;https:\/\/tauchenmachtspass.de\/wp-content\/uploads\/2021\/06\/aquamed_logo_standard_rgb_800x200.png&#8220; title_text=&#8220;aquamed_logo_standard_rgb_800x200&#8243; _builder_version=&#8220;4.9.3&#8243; _module_preset=&#8220;default&#8220;][\/et_pb_image][\/et_pb_column][\/et_pb_row][\/et_pb_section]\n","protected":false},"excerpt":{"rendered":"<p>aqua med\u00a0ist eine Marke der Medical Helpline Worldwide GmbH, einer \u00e4rztlichen Notrufzentrale f\u00fcr weltweite medizinische Notf\u00e4lle. Mit der Spezialisierung auf Tauch-, Reise- und Notfallmedizin und einem besonderen Versicherungspaket f\u00fcr Tauchunf\u00e4lle und Auslandsreisen ist aqua med im internationalen Markt aktiv. Unsere Not- und Taucher\u00e4rzte stehen Dir mit unserer Hotline 24 Stunden t\u00e4glich zur Verf\u00fcgung. Von der [&hellip;]<\/p>\n","protected":false},"author":2,"featured_media":0,"parent":0,"menu_order":0,"comment_status":"closed","ping_status":"closed","template":"","meta":{"_et_pb_use_builder":"on","_et_pb_old_content":"","_et_gb_content_width":"","footnotes":""},"class_list":["post-1802","page","type-page","status-publish","hentry"],"_links":{"self":[{"href":"https:\/\/tauchenmachtspass.de\/index.php\/wp-json\/wp\/v2\/pages\/1802","targetHints":{"allow":["GET"]}}],"collection":[{"href":"https:\/\/tauchenmachtspass.de\/index.php\/wp-json\/wp\/v2\/pages"}],"about":[{"href":"https:\/\/tauchenmachtspass.de\/index.php\/wp-json\/wp\/v2\/types\/page"}],"author":[{"embeddable":true,"href":"https:\/\/tauchenmachtspass.de\/index.php\/wp-json\/wp\/v2\/users\/2"}],"replies":[{"embeddable":true,"href":"https:\/\/tauchenmachtspass.de\/index.php\/wp-json\/wp\/v2\/comments?post=1802"}],"version-history":[{"count":6,"href":"https:\/\/tauchenmachtspass.de\/index.php\/wp-json\/wp\/v2\/pages\/1802\/revisions"}],"predecessor-version":[{"id":1811,"href":"https:\/\/tauchenmachtspass.de\/index.php\/wp-json\/wp\/v2\/pages\/1802\/revisions\/1811"}],"wp:attachment":[{"href":"https:\/\/tauchenmachtspass.de\/index.php\/wp-json\/wp\/v2\/media?parent=1802"}],"curies":[{"name":"wp","href":"https:\/\/api.w.org\/{rel}","templated":true}]}}