{"id":1400,"date":"2020-10-16T13:01:23","date_gmt":"2020-10-16T12:01:23","guid":{"rendered":"https:\/\/tauchenmachtspass.de\/?page_id=1400"},"modified":"2021-09-06T21:47:53","modified_gmt":"2021-09-06T20:47:53","slug":"schuppertauchen","status":"publish","type":"page","link":"https:\/\/tauchenmachtspass.de\/index.php\/schuppertauchen\/","title":{"rendered":"Schuppertauchen"},"content":{"rendered":"<p>[et_pb_section fb_built=&#8220;1&#8243; _builder_version=&#8220;4.6.6&#8243; _module_preset=&#8220;default&#8220;][et_pb_row column_structure=&#8220;2_5,3_5&#8243; _builder_version=&#8220;4.6.6&#8243; _module_preset=&#8220;default&#8220;][et_pb_column type=&#8220;2_5&#8243; _builder_version=&#8220;4.6.6&#8243; _module_preset=&#8220;default&#8220;][et_pb_text _builder_version=&#8220;4.9.3&#8243; _module_preset=&#8220;default&#8220; background_color=&#8220;#FFFFFF&#8220; custom_padding=&#8220;|0px||||&#8220;]<\/p>\n<h2><\/h2>\n<h2><\/h2>\n<h2><strong>Schnuppertauchen<\/strong><\/h2>\n<p>Du m\u00f6chtest etwas Neues ausprobieren?! Kein Problem! In unserem Schnuppertauch-Programm k\u00f6nnt Ihr die fazinierende Unterwasserwelt kennenlernen und in die Grundlagen des Tauchsports, mit einem i.a.c. Tauchlehrer an deiner Seite ausprobieren.<\/p>\n<p>Kursinhalte<br \/>Du erh\u00e4ltst einen Einblick in die faszinierende Welt unter Wasser. Es sind die ersten Flossenschl\u00e4ge unter professioneller Anleitung mit einer vollst\u00e4ndigen Tauchausr\u00fcstung!<\/p>\n<p>In einer theoretischen Einf\u00fchrung erlernst du die wichtigsten Grundlagen des Tauchens. Druckausgleich, Unterwasserzeichen und der Umgang mit deiner Tauchausr\u00fcstung wird dir in entspannter Atmosph\u00e4re von erfahrenen TauchlehrerInnen vermittelt.<\/p>\n<p>Danach \u00fcbst du im Flachwasserbereich den Umgang mit deinem Atemregler, deinem Tarierjacket und machst erste Flossenschl\u00e4ge an der Oberfl\u00e4che.<\/p>\n<p><b>Voraussetzungen<\/b><\/p>\n<ul>\n<li>Mindestalter 8 Jahre<\/li>\n<li>Nachweis \u00fcber Schwimmf\u00e4higkeit<\/li>\n<li>Nachweis \u00fcber den Gesundheitszustand<\/li>\n<\/ul>\n<p><strong>Kosten<\/strong><\/p>\n<p>im Pool\u00a0 &#8211; 75 \u20ac (inkl. der notwendigen Ausr\u00fcstung)<\/p>\n<p>im Freiwasser &#8211; 125 \u20ac (inkl. der notwendigen Ausr\u00fcstung)<\/p>\n<p><strong>Hinweis<\/strong><\/p>\n<p>Wenn du dich im Anschluss f\u00fcr einen Tauchkurs bei uns entscheidest werden die geleisteten Geb\u00fchren auf deinen OWD angerechnet.<\/p>\n<p>[\/et_pb_text][\/et_pb_column][et_pb_column type=&#8220;3_5&#8243; _builder_version=&#8220;4.6.6&#8243; _module_preset=&#8220;default&#8220;][et_pb_image src=&#8220;https:\/\/tauchenmachtspass.de\/wp-content\/uploads\/2020\/10\/GOPR0289-scaled.jpg&#8220; title_text=&#8220;DCIM100GOPROGOPR0289.JPG&#8220; _builder_version=&#8220;4.6.6&#8243; _module_preset=&#8220;default&#8220; background_enable_image=&#8220;off&#8220; min_height=&#8220;289px&#8220; custom_padding=&#8220;||42px|||&#8220;][\/et_pb_image][\/et_pb_column][\/et_pb_row][\/et_pb_section]<\/p>\n","protected":false},"excerpt":{"rendered":"<p>Schnuppertauchen Du m\u00f6chtest etwas Neues ausprobieren?! Kein Problem! In unserem Schnuppertauch-Programm k\u00f6nnt Ihr die fazinierende Unterwasserwelt kennenlernen und in die Grundlagen des Tauchsports, mit einem i.a.c. Tauchlehrer an deiner Seite ausprobieren. KursinhalteDu erh\u00e4ltst einen Einblick in die faszinierende Welt unter Wasser. Es sind die ersten Flossenschl\u00e4ge unter professioneller Anleitung mit einer vollst\u00e4ndigen Tauchausr\u00fcstung! In einer [&hellip;]<\/p>\n","protected":false},"author":2,"featured_media":0,"parent":0,"menu_order":0,"comment_status":"closed","ping_status":"closed","template":"","meta":{"_et_pb_use_builder":"on","_et_pb_old_content":"","_et_gb_content_width":"","footnotes":""},"class_list":["post-1400","page","type-page","status-publish","hentry"],"_links":{"self":[{"href":"https:\/\/tauchenmachtspass.de\/index.php\/wp-json\/wp\/v2\/pages\/1400","targetHints":{"allow":["GET"]}}],"collection":[{"href":"https:\/\/tauchenmachtspass.de\/index.php\/wp-json\/wp\/v2\/pages"}],"about":[{"href":"https:\/\/tauchenmachtspass.de\/index.php\/wp-json\/wp\/v2\/types\/page"}],"author":[{"embeddable":true,"href":"https:\/\/tauchenmachtspass.de\/index.php\/wp-json\/wp\/v2\/users\/2"}],"replies":[{"embeddable":true,"href":"https:\/\/tauchenmachtspass.de\/index.php\/wp-json\/wp\/v2\/comments?post=1400"}],"version-history":[{"count":12,"href":"https:\/\/tauchenmachtspass.de\/index.php\/wp-json\/wp\/v2\/pages\/1400\/revisions"}],"predecessor-version":[{"id":1814,"href":"https:\/\/tauchenmachtspass.de\/index.php\/wp-json\/wp\/v2\/pages\/1400\/revisions\/1814"}],"wp:attachment":[{"href":"https:\/\/tauchenmachtspass.de\/index.php\/wp-json\/wp\/v2\/media?parent=1400"}],"curies":[{"name":"wp","href":"https:\/\/api.w.org\/{rel}","templated":true}]}}