{"id":1290,"date":"2020-10-14T22:27:05","date_gmt":"2020-10-14T21:27:05","guid":{"rendered":"https:\/\/tauchenmachtspass.de\/?page_id=1290"},"modified":"2020-10-16T21:34:18","modified_gmt":"2020-10-16T20:34:18","slug":"ostsee","status":"publish","type":"page","link":"https:\/\/tauchenmachtspass.de\/index.php\/ostsee\/","title":{"rendered":"Ostsee"},"content":{"rendered":"<p>[et_pb_section fb_built=&#8220;1&#8243; _builder_version=&#8220;4.6.6&#8243; _module_preset=&#8220;default&#8220;][et_pb_row _builder_version=&#8220;4.6.6&#8243; _module_preset=&#8220;default&#8220;][et_pb_column type=&#8220;4_4&#8243; _builder_version=&#8220;4.6.6&#8243; _module_preset=&#8220;default&#8220;][et_pb_slider _builder_version=&#8220;4.6.6&#8243; _module_preset=&#8220;default&#8220; auto=&#8220;on&#8220;][et_pb_slide image=&#8220;https:\/\/tauchenmachtspass.de\/wp-content\/uploads\/2020\/10\/P1000110-scaled.jpg&#8220; _builder_version=&#8220;4.6.6&#8243; _module_preset=&#8220;default&#8220; background_image=&#8220;https:\/\/tauchenmachtspass.de\/wp-content\/uploads\/2020\/10\/P1000110-scaled.jpg&#8220; background_enable_image=&#8220;on&#8220; sticky_transition=&#8220;on&#8220;][\/et_pb_slide][et_pb_slide image=&#8220;https:\/\/tauchenmachtspass.de\/wp-content\/uploads\/2020\/10\/P1000116-scaled.jpg&#8220; _builder_version=&#8220;4.6.6&#8243; _module_preset=&#8220;default&#8220; background_image=&#8220;https:\/\/tauchenmachtspass.de\/wp-content\/uploads\/2020\/10\/P1000116-scaled.jpg&#8220; background_enable_image=&#8220;on&#8220; sticky_transition=&#8220;on&#8220;][\/et_pb_slide][\/et_pb_slider][\/et_pb_column][\/et_pb_row][et_pb_row _builder_version=&#8220;4.6.6&#8243; _module_preset=&#8220;default&#8220; column_structure=&#8220;1_3,2_3&#8243;][et_pb_column _builder_version=&#8220;4.6.6&#8243; _module_preset=&#8220;default&#8220; type=&#8220;1_3&#8243;][et_pb_text _builder_version=&#8220;4.6.6&#8243; _module_preset=&#8220;default&#8220; hover_enabled=&#8220;0&#8243; sticky_enabled=&#8220;0&#8243;]<\/p>\n<div style=\"text-align: center;\">Man kann das ganze Jahr \u00fcber in der Ostsee tauchen.<\/div>\n<div style=\"text-align: center;\"><\/div>\n<div style=\"text-align: center;\">Die sch\u00f6nste Tauchzeit ist ab etwa Mai bis Oktober.<\/div>\n<div style=\"text-align: center;\"><\/div>\n<div style=\"text-align: center;\">Die Sicht betr\u00e4gt im Sommer ca. 5 Meter,<\/div>\n<div style=\"text-align: center;\">im Fr\u00fchjahr und Herbst k\u00f6nnen es dann schon mal gute 10 Meter sein.<\/div>\n<div style=\"text-align: center;\"><\/div>\n<div style=\"text-align: center;\">Die Ostsee ist aber am sch\u00f6nsten in Bereichen bis<\/div>\n<div style=\"text-align: center;\">10 Metern, denn das Sonnenlicht kommt noch durch.<\/div>\n<div style=\"text-align: center;\"><\/div>\n<div style=\"text-align: center;\">F\u00fcr Wracktaucher ist die Ostsee das perfekte Gebiet,<\/div>\n<div style=\"text-align: center;\">denn nach Einsch\u00e4tzung von Arch\u00e4ologen ist es das Gew\u00e4sser mit den meisten Wracks.\u00a0<\/div>\n<p>[\/et_pb_text][\/et_pb_column][et_pb_column _builder_version=&#8220;4.6.6&#8243; _module_preset=&#8220;default&#8220; type=&#8220;2_3&#8243;][et_pb_image src=&#8220;https:\/\/tauchenmachtspass.de\/wp-content\/uploads\/2020\/10\/Karte.png&#8220; _builder_version=&#8220;4.6.6&#8243; _module_preset=&#8220;default&#8220; title_text=&#8220;Karte&#8220; hover_enabled=&#8220;0&#8243; sticky_enabled=&#8220;0&#8243;][\/et_pb_image][\/et_pb_column][\/et_pb_row][\/et_pb_section]<\/p>\n","protected":false},"excerpt":{"rendered":"<p>Man kann das ganze Jahr \u00fcber in der Ostsee tauchen. Die sch\u00f6nste Tauchzeit ist ab etwa Mai bis Oktober. Die Sicht betr\u00e4gt im Sommer ca. 5 Meter, im Fr\u00fchjahr und Herbst k\u00f6nnen es dann schon mal gute 10 Meter sein. Die Ostsee ist aber am sch\u00f6nsten in Bereichen bis 10 Metern, denn das Sonnenlicht kommt [&hellip;]<\/p>\n","protected":false},"author":2,"featured_media":0,"parent":0,"menu_order":0,"comment_status":"closed","ping_status":"closed","template":"","meta":{"_et_pb_use_builder":"on","_et_pb_old_content":"","_et_gb_content_width":"","footnotes":""},"class_list":["post-1290","page","type-page","status-publish","hentry"],"_links":{"self":[{"href":"https:\/\/tauchenmachtspass.de\/index.php\/wp-json\/wp\/v2\/pages\/1290","targetHints":{"allow":["GET"]}}],"collection":[{"href":"https:\/\/tauchenmachtspass.de\/index.php\/wp-json\/wp\/v2\/pages"}],"about":[{"href":"https:\/\/tauchenmachtspass.de\/index.php\/wp-json\/wp\/v2\/types\/page"}],"author":[{"embeddable":true,"href":"https:\/\/tauchenmachtspass.de\/index.php\/wp-json\/wp\/v2\/users\/2"}],"replies":[{"embeddable":true,"href":"https:\/\/tauchenmachtspass.de\/index.php\/wp-json\/wp\/v2\/comments?post=1290"}],"version-history":[{"count":4,"href":"https:\/\/tauchenmachtspass.de\/index.php\/wp-json\/wp\/v2\/pages\/1290\/revisions"}],"predecessor-version":[{"id":1543,"href":"https:\/\/tauchenmachtspass.de\/index.php\/wp-json\/wp\/v2\/pages\/1290\/revisions\/1543"}],"wp:attachment":[{"href":"https:\/\/tauchenmachtspass.de\/index.php\/wp-json\/wp\/v2\/media?parent=1290"}],"curies":[{"name":"wp","href":"https:\/\/api.w.org\/{rel}","templated":true}]}}