{"id":1288,"date":"2020-10-14T22:27:05","date_gmt":"2020-10-14T21:27:05","guid":{"rendered":"https:\/\/tauchenmachtspass.de\/?page_id=1288"},"modified":"2021-04-13T11:23:51","modified_gmt":"2021-04-13T10:23:51","slug":"children-diving","status":"publish","type":"page","link":"https:\/\/tauchenmachtspass.de\/index.php\/children-diving\/","title":{"rendered":"Children Diving"},"content":{"rendered":"<p>[et_pb_section fb_built=&#8220;1&#8243; _builder_version=&#8220;4.6.6&#8243; _module_preset=&#8220;default&#8220;][et_pb_row _builder_version=&#8220;4.6.6&#8243; _module_preset=&#8220;default&#8220;][et_pb_column type=&#8220;4_4&#8243; _builder_version=&#8220;4.6.6&#8243; _module_preset=&#8220;default&#8220;][et_pb_slider _builder_version=&#8220;4.6.6&#8243; _module_preset=&#8220;default&#8220; background_enable_image=&#8220;off&#8220; auto=&#8220;on&#8220;][et_pb_slide image=&#8220;https:\/\/tauchenmachtspass.de\/wp-content\/uploads\/2020\/10\/345.jpg&#8220; _builder_version=&#8220;4.6.6&#8243; _module_preset=&#8220;default&#8220; background_image=&#8220;https:\/\/tauchenmachtspass.de\/wp-content\/uploads\/2020\/10\/345.jpg&#8220; background_enable_image=&#8220;on&#8220; sticky_transition=&#8220;on&#8220;][\/et_pb_slide][et_pb_slide image=&#8220;https:\/\/tauchenmachtspass.de\/wp-content\/uploads\/2020\/10\/89.jpg&#8220; _builder_version=&#8220;4.6.6&#8243; _module_preset=&#8220;default&#8220; background_image=&#8220;https:\/\/tauchenmachtspass.de\/wp-content\/uploads\/2020\/10\/89.jpg&#8220; background_enable_image=&#8220;on&#8220; sticky_transition=&#8220;on&#8220;][\/et_pb_slide][et_pb_slide image=&#8220;https:\/\/tauchenmachtspass.de\/wp-content\/uploads\/2020\/10\/345.jpg&#8220; _builder_version=&#8220;4.6.6&#8243; _module_preset=&#8220;default&#8220; background_image=&#8220;https:\/\/tauchenmachtspass.de\/wp-content\/uploads\/2020\/10\/345.jpg&#8220; background_enable_image=&#8220;on&#8220; sticky_transition=&#8220;on&#8220;][\/et_pb_slide][et_pb_slide image=&#8220;https:\/\/tauchenmachtspass.de\/wp-content\/uploads\/2020\/10\/6.jpg&#8220; _builder_version=&#8220;4.6.6&#8243; _module_preset=&#8220;default&#8220; background_image=&#8220;https:\/\/tauchenmachtspass.de\/wp-content\/uploads\/2020\/10\/6.jpg&#8220; background_enable_image=&#8220;on&#8220; sticky_transition=&#8220;on&#8220;][\/et_pb_slide][et_pb_slide image=&#8220;https:\/\/tauchenmachtspass.de\/wp-content\/uploads\/2020\/10\/GPTempDownloaddfg.jpg&#8220; _builder_version=&#8220;4.6.6&#8243; _module_preset=&#8220;default&#8220; background_image=&#8220;https:\/\/tauchenmachtspass.de\/wp-content\/uploads\/2020\/10\/GPTempDownloaddfg.jpg&#8220; background_enable_image=&#8220;on&#8220; sticky_transition=&#8220;on&#8220;][\/et_pb_slide][et_pb_slide image=&#8220;https:\/\/tauchenmachtspass.de\/wp-content\/uploads\/2020\/10\/JWSQ1069.jpg&#8220; _builder_version=&#8220;4.6.6&#8243; _module_preset=&#8220;default&#8220; background_image=&#8220;https:\/\/tauchenmachtspass.de\/wp-content\/uploads\/2020\/10\/JWSQ1069.jpg&#8220; background_enable_image=&#8220;on&#8220; sticky_transition=&#8220;on&#8220;][\/et_pb_slide][\/et_pb_slider][\/et_pb_column][\/et_pb_row][et_pb_row column_structure=&#8220;3_5,2_5&#8243; _builder_version=&#8220;4.9.3&#8243; _module_preset=&#8220;default&#8220;][et_pb_column type=&#8220;3_5&#8243; _builder_version=&#8220;4.9.3&#8243; _module_preset=&#8220;default&#8220;][et_pb_image src=&#8220;https:\/\/tauchenmachtspass.de\/wp-content\/uploads\/2020\/10\/JWSQ1069.jpg&#8220; title_text=&#8220;JWSQ1069&#8243; _builder_version=&#8220;4.9.3&#8243; _module_preset=&#8220;default&#8220; custom_padding=&#8220;|251px||||&#8220;][\/et_pb_image][\/et_pb_column][et_pb_column type=&#8220;2_5&#8243; _builder_version=&#8220;4.9.3&#8243; _module_preset=&#8220;default&#8220;][et_pb_text _builder_version=&#8220;4.9.3&#8243; _module_preset=&#8220;default&#8220;]<\/p>\n<h2>Junior Diver<\/h2>\n<p>&nbsp;<\/p>\n<p>In diesem Kurs lernst Du die verschiedenen Teile Deiner Tauchausr\u00fcstung kennen und zusammen mit Deinem Tauchlehrer machst Du Deinen ersten Tauchgang. Au\u00dferdem erf\u00e4hrst Du interessante und wichtige Dinge \u00fcber UW-Tiere und Pflanzen, den richtigen Umgang mit Deiner Tauchausr\u00fcstung, das Verhalten Unterwasser und vieles mehr.<\/p>\n<p>Nach dem Junior Diver kannst Du in vielen i.a.c.-Clubs an Spezialkursen wie z. B. Tarieren, Gruppen- und Bootstauchen, Lebensraum Wasser usw. teilnehmen.<\/p>\n<p>Voraussetzungen<\/p>\n<ul>\n<li>Mind. 8 Jahre alt<\/li>\n<li>Nachweis \u00fcber Schwimmf\u00e4higkeit<\/li>\n<li>Nachweis \u00fcber den Gesundheitszustand<\/li>\n<\/ul>\n<p>&nbsp;<\/p>\n<p>Theoretische Ausbildung<\/p>\n<ul>\n<li>Tauchausr\u00fcstung kennen lernen und beschreiben<\/li>\n<li>Tauchgang beschreiben<\/li>\n<li>Einige UW-Tiere &amp; Pflanzen benennen &amp; einige gef\u00e4hrliche Arten kennen<\/li>\n<li>Gefahren beim Tauchen kennen<\/li>\n<li>Elementare UW-Zeichen kennen und anwenden<\/li>\n<\/ul>\n<p>&nbsp;<\/p>\n<p>Praktische Ausbildung<\/p>\n<ul>\n<li>ABC-\u00dcbungen &amp; Wasser-\/Nasereflex<\/li>\n<li>Richtiger Umgang mit der Ausr\u00fcstung<\/li>\n<li>Tauchger\u00e4t zusammenbauen und zerlegen<\/li>\n<li>An- und Ablegen der Ausr\u00fcstung in richtiger Reihenfolge<\/li>\n<li>Auf die Zeichen des Ausbilders achten und reagieren<\/li>\n<li>Richtiges ab- und auftauchen<\/li>\n<li>Kontroll- und Sicherheitsstopp<\/li>\n<li>Druckausgleich<\/li>\n<li>Mundst\u00fcck herausnehmen, Maske ausblasen, Mundst\u00fcck wieder in den Mund nehmen und weiteratmen<\/li>\n<li>Alle \u00dcbungen in Ruhe ohne Hektik durchf\u00fchren<\/li>\n<\/ul>\n<p>&nbsp;<\/p>\n<p>Kosten<\/p>\n<ul>\n<li>175 Euro<\/li>\n<\/ul>\n<p>&nbsp;<\/p>\n<p>&nbsp;<\/p>\n<p>[\/et_pb_text][\/et_pb_column][\/et_pb_row][et_pb_row column_structure=&#8220;2_5,3_5&#8243; _builder_version=&#8220;4.9.3&#8243; _module_preset=&#8220;default&#8220;][et_pb_column type=&#8220;2_5&#8243; _builder_version=&#8220;4.9.3&#8243; _module_preset=&#8220;default&#8220;][et_pb_text _builder_version=&#8220;4.9.3&#8243; _module_preset=&#8220;default&#8220; hover_enabled=&#8220;0&#8243; sticky_enabled=&#8220;0&#8243;]<\/p>\n<h2>Junior Scuba Diver<\/h2>\n<p>&nbsp;<\/p>\n<p>Nach Deinen ersten Tauchg\u00e4ngen beim Junior Diver lernst Du in diesem Kurs viele neue Dinge z. B. \u00fcber die Unterwasserwelt, die Zeichensprache der Taucher und das Tarieren und Orientieren unter Wasser.<\/p>\n<p>Voraussetzungen<\/p>\n<ul>\n<li>Mind. 9 Jahre alt<\/li>\n<li>Nachweis von einem Junior Diver Brevet<\/li>\n<li>Nachweis \u00fcber die Tauchtauglichkeit<\/li>\n<\/ul>\n<p>&nbsp;<\/p>\n<p>Theoretische Ausbildung<\/p>\n<ul>\n<li>Ablauf des Tauchgangs beschreiben<\/li>\n<li>Mehrere UW-Tiere und -Pflanzen kennen<\/li>\n<li>Zus\u00e4tzliche UW-Zeichen<\/li>\n<li>Einige gef\u00e4hrliche Arten kennen<\/li>\n<li>Weitere Gefahren beim Tauchen<\/li>\n<\/ul>\n<p>&nbsp;<\/p>\n<p>Praktische Ausbildung<\/p>\n<ul>\n<li>ABC-\u00dcbungen<\/li>\n<li>Wiederholung aus dem Programm vom Junior Diver<\/li>\n<li>Grundkenntnisse in Orientierung<\/li>\n<li>Kenntnis verschiedener UW-Landschaften<\/li>\n<li>Kopf- und fu\u00dfw\u00e4rtiges Abtauchen<\/li>\n<li>Richtiges Ab- und Auftauchen mit dem Ausbilder<\/li>\n<li>Schwimmlage einsch\u00e4tzen<\/li>\n<li>Hydrostatisches Gleichgewicht<\/li>\n<li>Unter Wasser auch ohne Maske atmen<\/li>\n<li>Mit Zweitatemregler des Ausbilders auftauchen<\/li>\n<li>Oberfl\u00e4che pr\u00fcfen<\/li>\n<li>Zus\u00e4tzliche UW-Zeichen<\/li>\n<\/ul>\n<p>Kosten<\/p>\n<ul>\n<li>200 Euro<\/li>\n<\/ul>\n<p>[\/et_pb_text][\/et_pb_column][et_pb_column type=&#8220;3_5&#8243; _builder_version=&#8220;4.9.3&#8243; _module_preset=&#8220;default&#8220;][et_pb_image src=&#8220;https:\/\/tauchenmachtspass.de\/wp-content\/uploads\/2020\/10\/3.jpg&#8220; title_text=&#8220;DCIM100GOPROGOPR0534.JPG&#8220; _builder_version=&#8220;4.9.3&#8243; _module_preset=&#8220;default&#8220; min_height=&#8220;473px&#8220;][\/et_pb_image][\/et_pb_column][\/et_pb_row][et_pb_row column_structure=&#8220;3_5,2_5&#8243; _builder_version=&#8220;4.9.3&#8243; _module_preset=&#8220;default&#8220;][et_pb_column type=&#8220;3_5&#8243; _builder_version=&#8220;4.9.3&#8243; _module_preset=&#8220;default&#8220;][et_pb_image src=&#8220;https:\/\/tauchenmachtspass.de\/wp-content\/uploads\/2020\/10\/8.jpg&#8220; title_text=&#8220;DCIM100GOPROGOPR0529.JPG&#8220; _builder_version=&#8220;4.9.3&#8243; _module_preset=&#8220;default&#8220; min_height=&#8220;466px&#8220;][\/et_pb_image][\/et_pb_column][et_pb_column type=&#8220;2_5&#8243; _builder_version=&#8220;4.9.3&#8243; _module_preset=&#8220;default&#8220;][et_pb_text _builder_version=&#8220;4.9.3&#8243; _module_preset=&#8220;default&#8220;]<\/p>\n<h2>Junior Open Water Diver<\/h2>\n<p>&nbsp;<\/p>\n<p>Inzwischen geh\u00f6rst Du ja schon zu den fortgeschrittenen Juniortauchern und daher erf\u00e4hrst Du in diesem Kurs nun z. B. etwas \u00fcber die physikalischen Grundlagen des Tauchens, die Pflege Deiner Tauchausr\u00fcstung und das richtige Verhalten in einer Tauchgruppe.<\/p>\n<p>Voraussetzungen<\/p>\n<ul>\n<li>Mind. 10 Jahre alt<\/li>\n<li>Nachweis \u00fcber Schwimmf\u00e4higkeit<\/li>\n<li>Nachweis \u00fcber Junior Diver\/Junior Scuba Diver Brevet<\/li>\n<li>Nachweis \u00fcber den Gesundheitszustand<\/li>\n<\/ul>\n<p>&nbsp;<\/p>\n<p>Theoretische Ausbildung<\/p>\n<ul>\n<li>Ablauf des Tauchgangs beschreiben<\/li>\n<li>Grundz\u00fcge der physikalischen Gesetzm\u00e4\u00dfigkeiten<\/li>\n<li>Auswirkungen des Drucks auf den menschlichen K\u00f6rper<\/li>\n<li>Sicherheitsregeln in der Gruppe &amp; Taucherflaggen<\/li>\n<li>Weitere Gefahren beim Tauchen<\/li>\n<\/ul>\n<p>&nbsp;<\/p>\n<p>Praktische Ausbildung<\/p>\n<ul>\n<li>ABC-\u00dcbungen<\/li>\n<li>Wiederholung aus dem Programm vom Junior Scuba Diver<\/li>\n<li>Ausr\u00fcstung kennen, vorbereiten &amp; \u00fcberpr\u00fcfen<\/li>\n<li>Schutz des Atemreglers vor Schmutz &amp; Besch\u00e4digung<\/li>\n<li>Ausr\u00fcstung s\u00e4ubern. trocknen &amp; pflegen<\/li>\n<li>R\u00fccksicht nehmen<\/li>\n<li>Sicherung innerhalb der Gruppe<\/li>\n<li>In der H\u00f6he des Ausbilders bleiben<\/li>\n<li>Buddy Check in 3 m Tiefenbereich<\/li>\n<li>Informieren des Ausbilders \u00fcber Zeichen oder Probleme<\/li>\n<li>Schnorcheln an der Oberfl\u00e4che<\/li>\n<li>Kleine Gruppenf\u00fchrung<\/li>\n<\/ul>\n<p>&nbsp;<\/p>\n<p>&nbsp;<\/p>\n<p>Kosten<\/p>\n<ul>\n<li>225 Euro<\/li>\n<\/ul>\n<p>[\/et_pb_text][\/et_pb_column][\/et_pb_row][\/et_pb_section]<\/p>\n","protected":false},"excerpt":{"rendered":"<p>Junior Diver &nbsp; In diesem Kurs lernst Du die verschiedenen Teile Deiner Tauchausr\u00fcstung kennen und zusammen mit Deinem Tauchlehrer machst Du Deinen ersten Tauchgang. Au\u00dferdem erf\u00e4hrst Du interessante und wichtige Dinge \u00fcber UW-Tiere und Pflanzen, den richtigen Umgang mit Deiner Tauchausr\u00fcstung, das Verhalten Unterwasser und vieles mehr. Nach dem Junior Diver kannst Du in vielen [&hellip;]<\/p>\n","protected":false},"author":2,"featured_media":0,"parent":0,"menu_order":0,"comment_status":"closed","ping_status":"closed","template":"","meta":{"_et_pb_use_builder":"on","_et_pb_old_content":"","_et_gb_content_width":"","footnotes":""},"class_list":["post-1288","page","type-page","status-publish","hentry"],"_links":{"self":[{"href":"https:\/\/tauchenmachtspass.de\/index.php\/wp-json\/wp\/v2\/pages\/1288","targetHints":{"allow":["GET"]}}],"collection":[{"href":"https:\/\/tauchenmachtspass.de\/index.php\/wp-json\/wp\/v2\/pages"}],"about":[{"href":"https:\/\/tauchenmachtspass.de\/index.php\/wp-json\/wp\/v2\/types\/page"}],"author":[{"embeddable":true,"href":"https:\/\/tauchenmachtspass.de\/index.php\/wp-json\/wp\/v2\/users\/2"}],"replies":[{"embeddable":true,"href":"https:\/\/tauchenmachtspass.de\/index.php\/wp-json\/wp\/v2\/comments?post=1288"}],"version-history":[{"count":12,"href":"https:\/\/tauchenmachtspass.de\/index.php\/wp-json\/wp\/v2\/pages\/1288\/revisions"}],"predecessor-version":[{"id":1794,"href":"https:\/\/tauchenmachtspass.de\/index.php\/wp-json\/wp\/v2\/pages\/1288\/revisions\/1794"}],"wp:attachment":[{"href":"https:\/\/tauchenmachtspass.de\/index.php\/wp-json\/wp\/v2\/media?parent=1288"}],"curies":[{"name":"wp","href":"https:\/\/api.w.org\/{rel}","templated":true}]}}