{"id":1280,"date":"2020-10-14T22:27:03","date_gmt":"2020-10-14T21:27:03","guid":{"rendered":"https:\/\/tauchenmachtspass.de\/?page_id=1280"},"modified":"2021-04-11T20:31:02","modified_gmt":"2021-04-11T19:31:02","slug":"owd","status":"publish","type":"page","link":"https:\/\/tauchenmachtspass.de\/index.php\/owd\/","title":{"rendered":"OWD"},"content":{"rendered":"<p>[et_pb_section fb_built=&#8220;1&#8243; _builder_version=&#8220;4.6.5&#8243; _module_preset=&#8220;default&#8220;][et_pb_row _builder_version=&#8220;4.6.5&#8243; _module_preset=&#8220;default&#8220;][et_pb_column type=&#8220;4_4&#8243; _builder_version=&#8220;4.6.5&#8243; _module_preset=&#8220;default&#8220;][et_pb_slider _builder_version=&#8220;4.6.6&#8243; _module_preset=&#8220;default&#8220; background_image=&#8220;https:\/\/tauchenmachtspass.de\/wp-content\/uploads\/2020\/10\/Ausbildung-Hemmoor.png&#8220; auto=&#8220;on&#8220;][et_pb_slide heading=&#8220;Ausbildung auf der Plattform&#8220; image=&#8220;https:\/\/tauchenmachtspass.de\/wp-content\/uploads\/2020\/10\/Ausbildung-Hemmoor.png&#8220; _builder_version=&#8220;4.6.5&#8243; _module_preset=&#8220;default&#8220; sticky_transition=&#8220;on&#8220;][\/et_pb_slide][et_pb_slide heading=&#8220;Freiwassertauchgang&#8220; image=&#8220;https:\/\/tauchenmachtspass.de\/wp-content\/uploads\/2020\/10\/Ausbildung-Freiwasser-III.png&#8220; _builder_version=&#8220;4.6.5&#8243; _module_preset=&#8220;default&#8220; background_image=&#8220;https:\/\/tauchenmachtspass.de\/wp-content\/uploads\/2020\/10\/Ausbildung-Freiwasser-III.png&#8220; background_enable_image=&#8220;on&#8220; sticky_transition=&#8220;on&#8220;][\/et_pb_slide][et_pb_slide heading=&#8220;%22gro\u00dfer Schritt%22&#8243; image=&#8220;https:\/\/tauchenmachtspass.de\/wp-content\/uploads\/2020\/10\/Ausbildung-Freiwasser-II.png&#8220; _builder_version=&#8220;4.6.5&#8243; _module_preset=&#8220;default&#8220; background_image=&#8220;https:\/\/tauchenmachtspass.de\/wp-content\/uploads\/2020\/10\/Ausbildung-Freiwasser-II.png&#8220; background_enable_image=&#8220;on&#8220; sticky_transition=&#8220;on&#8220;][\/et_pb_slide][et_pb_slide heading=&#8220;Erfolge !!!&#8220; image=&#8220;https:\/\/tauchenmachtspass.de\/wp-content\/uploads\/2020\/10\/Bjoern-Andrea-Maja.png&#8220; _builder_version=&#8220;4.6.6&#8243; _module_preset=&#8220;default&#8220; background_image=&#8220;https:\/\/tauchenmachtspass.de\/wp-content\/uploads\/2020\/10\/Bjoern-Andrea-Maja.png&#8220; background_enable_image=&#8220;on&#8220; sticky_transition=&#8220;on&#8220;][\/et_pb_slide][\/et_pb_slider][\/et_pb_column][\/et_pb_row][et_pb_row column_structure=&#8220;2_5,3_5&#8243; _builder_version=&#8220;4.9.3&#8243; _module_preset=&#8220;default&#8220;][et_pb_column type=&#8220;2_5&#8243; _builder_version=&#8220;4.9.3&#8243; _module_preset=&#8220;default&#8220;][et_pb_image src=&#8220;https:\/\/tauchenmachtspass.de\/wp-content\/uploads\/2020\/10\/P1030840-scaled.jpg&#8220; title_text=&#8220;P1030840&#8243; _builder_version=&#8220;4.9.3&#8243; _module_preset=&#8220;default&#8220;][\/et_pb_image][\/et_pb_column][et_pb_column type=&#8220;3_5&#8243; _builder_version=&#8220;4.9.3&#8243; _module_preset=&#8220;default&#8220;][et_pb_text _builder_version=&#8220;4.9.3&#8243; _module_preset=&#8220;default&#8220; custom_padding=&#8220;6px|||||&#8220; hover_enabled=&#8220;0&#8243; sticky_enabled=&#8220;0&#8243;]<\/p>\n<div class=\"row news\" id=\"iac-card-detail\" data-equalizer=\"foiyma-equalizer\" data-resize=\"8a8v9u-eq\">\n<div class=\"large-8 medium-9 small-12 columns\" data-equalizer-watch=\"\">\n<h1><b>i.a.c. Open Water Diver<\/b><\/h1>\n<p>Bestimmt hast du dich schon einmal gefragt, was wohl unter der Wasser Oberfl\u00e4che zu finden und zu sehen ist. Warum findest du es nicht selbst heraus? Dieser Kurs ist Dein Start in die Unterwasserwelt.<\/p>\n<p>Im i.a.c. Open Water Diver Kurs erlernst du die Grundlagen des Ger\u00e4tetauchens. Du f\u00e4ngst dabei in einem Schwimmbad oder unter \u00e4hnlichen Umgebungsbedingungen an und machst im Freiwasser, im Meer oder in einem See weiter, w\u00e4hrend du gleichzeitig das n\u00f6tige Hintergrundwissen bekommst.<\/p>\n<p>Voraussetzungen:<\/p>\n<ul>\n<li>Nachweis \u00fcber Schwimmf\u00e4higkeit<\/li>\n<li>Erkl\u00e4rung zum Gesundheitszustand<\/li>\n<li>Mind. 14 Jahre alt<\/li>\n<\/ul>\n<p>&nbsp;<\/p>\n<p>Theoretische Ausbildung:<\/p>\n<ul>\n<li>Ausr\u00fcstung<\/li>\n<li>Physik des Tauchens<\/li>\n<li>Tauchtabellen und Tauchcomputer<\/li>\n<li>Medizin<\/li>\n<li>Erste Hilfe, HLW<\/li>\n<li>Tauchumgebung und Umwelt<\/li>\n<\/ul>\n<p>&nbsp;<\/p>\n<p>Praxis Ausbildung: (Pool und Freiwasser)<\/p>\n<ul>\n<li>Montage der Ausr\u00fcstung<\/li>\n<li>Ab und Auftauchen<\/li>\n<li>Tarieren<\/li>\n<li>Druckausgleich<\/li>\n<li>Masken ausblasen<\/li>\n<li>Wiedererlangen des Atemreglers<\/li>\n<li>Und vieles mehr&#8230;<\/li>\n<\/ul>\n<p>&nbsp;<\/p>\n<\/div>\n<\/div>\n<section class=\"blue-footer\"><\/section>\n<p>[\/et_pb_text][\/et_pb_column][\/et_pb_row][et_pb_row column_structure=&#8220;1_2,1_2&#8243; _builder_version=&#8220;4.9.3&#8243; _module_preset=&#8220;default&#8220;][et_pb_column type=&#8220;1_2&#8243; _builder_version=&#8220;4.9.3&#8243; _module_preset=&#8220;default&#8220;][et_pb_text _builder_version=&#8220;4.9.3&#8243; _module_preset=&#8220;default&#8220; custom_padding=&#8220;0px|||||&#8220;]<\/p>\n<h5 style=\"text-align: left;\"><b>Kursgeb\u00fchren (400 \u20ac) beinhalten<\/b><\/h5>\n<h5 style=\"text-align: left;\"><span style=\"font-size: 14px; text-align: left; color: #666666;\"><\/span><\/h5>\n<ul>\n<li style=\"text-align: left;\"><span style=\"font-size: 14px; text-align: left; color: #666666;\">Open Water Diver (OWD) Theorieunterricht<\/span><\/li>\n<li style=\"text-align: left;\">1- 2 Ausbildungstauchg\u00e4nge Pool ( Tauchtauglichkeitsuntersuchung muss vorliegen)<\/li>\n<li style=\"text-align: left;\">4 Ausbildungstauchg\u00e4nge Freiwasser<\/li>\n<li style=\"text-align: left;\">Tauchversicherung w\u00e4hrend der Ausbildung<\/li>\n<li style=\"text-align: left;\">Tauchausr\u00fcstung w\u00e4hrend der Ausbildung (ABC muss vorhanden sein)<\/li>\n<li style=\"text-align: left;\">OWD Lehrmaterial (Buch)<\/li>\n<li style=\"text-align: left;\">Logbuch<\/li>\n<li style=\"text-align: left;\">OWD &#8211; Brevet<\/li>\n<\/ul>\n<p>[\/et_pb_text][\/et_pb_column][et_pb_column type=&#8220;1_2&#8243; _builder_version=&#8220;4.9.3&#8243; _module_preset=&#8220;default&#8220;][et_pb_image src=&#8220;https:\/\/tauchenmachtspass.de\/wp-content\/uploads\/2020\/10\/GOPR0279-scaled.jpg&#8220; title_text=&#8220;DCIM100GOPROGOPR0279.JPG&#8220; _builder_version=&#8220;4.9.3&#8243; _module_preset=&#8220;default&#8220;][\/et_pb_image][\/et_pb_column][\/et_pb_row][\/et_pb_section]<\/p>\n","protected":false},"excerpt":{"rendered":"<p>i.a.c. Open Water Diver Bestimmt hast du dich schon einmal gefragt, was wohl unter der Wasser Oberfl\u00e4che zu finden und zu sehen ist. Warum findest du es nicht selbst heraus? Dieser Kurs ist Dein Start in die Unterwasserwelt. Im i.a.c. Open Water Diver Kurs erlernst du die Grundlagen des Ger\u00e4tetauchens. Du f\u00e4ngst dabei in einem [&hellip;]<\/p>\n","protected":false},"author":2,"featured_media":0,"parent":0,"menu_order":0,"comment_status":"closed","ping_status":"closed","template":"","meta":{"_et_pb_use_builder":"on","_et_pb_old_content":"","_et_gb_content_width":"","footnotes":""},"class_list":["post-1280","page","type-page","status-publish","hentry"],"_links":{"self":[{"href":"https:\/\/tauchenmachtspass.de\/index.php\/wp-json\/wp\/v2\/pages\/1280","targetHints":{"allow":["GET"]}}],"collection":[{"href":"https:\/\/tauchenmachtspass.de\/index.php\/wp-json\/wp\/v2\/pages"}],"about":[{"href":"https:\/\/tauchenmachtspass.de\/index.php\/wp-json\/wp\/v2\/types\/page"}],"author":[{"embeddable":true,"href":"https:\/\/tauchenmachtspass.de\/index.php\/wp-json\/wp\/v2\/users\/2"}],"replies":[{"embeddable":true,"href":"https:\/\/tauchenmachtspass.de\/index.php\/wp-json\/wp\/v2\/comments?post=1280"}],"version-history":[{"count":21,"href":"https:\/\/tauchenmachtspass.de\/index.php\/wp-json\/wp\/v2\/pages\/1280\/revisions"}],"predecessor-version":[{"id":1782,"href":"https:\/\/tauchenmachtspass.de\/index.php\/wp-json\/wp\/v2\/pages\/1280\/revisions\/1782"}],"wp:attachment":[{"href":"https:\/\/tauchenmachtspass.de\/index.php\/wp-json\/wp\/v2\/media?parent=1280"}],"curies":[{"name":"wp","href":"https:\/\/api.w.org\/{rel}","templated":true}]}}